{"id":23,"date":"2025-12-17T10:08:05","date_gmt":"2025-12-17T10:08:05","guid":{"rendered":"https:\/\/g28vip.com\/?page_id=23"},"modified":"2025-12-19T14:54:04","modified_gmt":"2025-12-19T14:54:04","slug":"trang-chu","status":"publish","type":"page","link":"https:\/\/g28vip.com\/","title":{"rendered":"Trang Ch\u1ee7 G28"},"content":{"rendered":"<div class=\"slider-wrapper relative\" id=\"slider-415973856\" >\n    <div class=\"slider slider-nav-dots-dashes-spaced slider-nav-circle slider-nav-large slider-nav-light slider-style-normal slider-show-nav\"\n        data-flickity-options='{\n            \"cellAlign\": \"center\",\n            \"imagesLoaded\": true,\n            \"lazyLoad\": 1,\n            \"freeScroll\": false,\n            \"wrapAround\": true,\n            \"autoPlay\": 5000,\n            \"pauseAutoPlayOnHover\" : true,\n            \"prevNextButtons\": true,\n            \"contain\" : true,\n            \"adaptiveHeight\" : true,\n            \"dragThreshold\" : 10,\n            \"percentPosition\": true,\n            \"pageDots\": true,\n            \"rightToLeft\": false,\n            \"draggable\": true,\n            \"selectedAttraction\": 0.1,\n            \"parallax\" : 0,\n            \"friction\": 0.6        }'\n        >\n        \n\t<div class=\"img has-hover x md-x lg-x y md-y lg-y\" id=\"image_1308738168\">\n\t\t<a class=\"\" href=\"https:\/\/g28vip.com\/link\/1\" target=\"_blank\" rel=\"noopener\" >\t\t\t\t\t\t<div class=\"img-inner dark\" >\n\t\t\t<img loading=\"lazy\" decoding=\"async\" width=\"710\" height=\"320\" src=\"https:\/\/g28vip.com\/wp-content\/uploads\/2025\/12\/g28vip-anh-1.png\" class=\"attachment-original size-original\" alt=\"G28 COM\" srcset=\"https:\/\/g28vip.com\/wp-content\/uploads\/2025\/12\/g28vip-anh-1.png 710w, https:\/\/g28vip.com\/wp-content\/uploads\/2025\/12\/g28vip-anh-1-300x135.png 300w\" sizes=\"auto, (max-width: 710px) 100vw, 710px\" \/>\t\t\t\t\t\t\n\t\t\t\t\t<\/div>\n\t\t\t\t\t\t<\/a>\t\t\n<style>\n#image_1308738168 {\n  width: 100%;\n}\n<\/style>\n\t<\/div>\n\t\n\t<div class=\"img has-hover x md-x lg-x y md-y lg-y\" id=\"image_352393061\">\n\t\t<a class=\"\" href=\"https:\/\/g28vip.com\/link\/1\" target=\"_blank\" rel=\"noopener\" >\t\t\t\t\t\t<div class=\"img-inner dark\" >\n\t\t\t<img loading=\"lazy\" decoding=\"async\" width=\"710\" height=\"320\" src=\"https:\/\/g28vip.com\/wp-content\/uploads\/2025\/12\/g28vip-anh-2.png\" class=\"attachment-original size-original\" alt=\"G28 COM\" srcset=\"https:\/\/g28vip.com\/wp-content\/uploads\/2025\/12\/g28vip-anh-2.png 710w, https:\/\/g28vip.com\/wp-content\/uploads\/2025\/12\/g28vip-anh-2-300x135.png 300w\" sizes=\"auto, (max-width: 710px) 100vw, 710px\" \/>\t\t\t\t\t\t\n\t\t\t\t\t<\/div>\n\t\t\t\t\t\t<\/a>\t\t\n<style>\n#image_352393061 {\n  width: 100%;\n}\n<\/style>\n\t<\/div>\n\t\n\t<div class=\"img has-hover x md-x lg-x y md-y lg-y\" id=\"image_1242897869\">\n\t\t<a class=\"\" href=\"https:\/\/g28vip.com\/link\/1\" target=\"_blank\" rel=\"noopener\" >\t\t\t\t\t\t<div class=\"img-inner dark\" >\n\t\t\t<img loading=\"lazy\" decoding=\"async\" width=\"710\" height=\"320\" src=\"https:\/\/g28vip.com\/wp-content\/uploads\/2025\/12\/g28vip-anh-3.png\" class=\"attachment-original size-original\" alt=\"G28 COM\" srcset=\"https:\/\/g28vip.com\/wp-content\/uploads\/2025\/12\/g28vip-anh-3.png 710w, https:\/\/g28vip.com\/wp-content\/uploads\/2025\/12\/g28vip-anh-3-300x135.png 300w\" sizes=\"auto, (max-width: 710px) 100vw, 710px\" \/>\t\t\t\t\t\t\n\t\t\t\t\t<\/div>\n\t\t\t\t\t\t<\/a>\t\t\n<style>\n#image_1242897869 {\n  width: 100%;\n}\n<\/style>\n\t<\/div>\n\t\n     <\/div>\n\n     <div class=\"loading-spin dark large centered\"><\/div>\n\n\t<\/div>\n\n\n\n\t<section class=\"section\" id=\"section_1439310178\">\n\t\t<div class=\"section-bg fill\" >\n\t\t\t\t\t\t\t\t\t\n\t\t\t\n\n\t\t<\/div>\n\n\t\t\n\n\t\t<div class=\"section-content relative\">\n\t\t\t\n<div class=\"row\"  id=\"row-6720350\">\n\n\t<div id=\"col-2074577300\" class=\"col medium-3 small-12 large-3\"  >\n\t\t\t\t<div class=\"col-inner\"  >\n\t\t\t\n\t\t\t\n\t\t<\/div>\n\t\t\t\t\t<\/div>\n\n\t\n\n\t<div id=\"col-1370962186\" class=\"col medium-3 small-6 large-3\"  >\n\t\t\t\t<div class=\"col-inner\"  >\n\t\t\t\n\t\t\t\n\t<div class=\"img has-hover x md-x lg-x y md-y lg-y\" id=\"image_401863437\">\n\t\t<a class=\"\" href=\"https:\/\/g28vip.com\/link\/1\" target=\"_blank\" rel=\"noopener\" >\t\t\t\t\t\t<div class=\"img-inner dark\" >\n\t\t\t<img loading=\"lazy\" decoding=\"async\" width=\"437\" height=\"169\" src=\"https:\/\/g28vip.com\/wp-content\/uploads\/2025\/12\/gift1.gif\" class=\"attachment-original size-original\" alt=\"\" \/>\t\t\t\t\t\t\n\t\t\t\t\t<\/div>\n\t\t\t\t\t\t<\/a>\t\t\n<style>\n#image_401863437 {\n  width: 100%;\n}\n@media (min-width:550px) {\n  #image_401863437 {\n    width: 100%;\n  }\n}\n<\/style>\n\t<\/div>\n\t\n\t\t<\/div>\n\t\t\t\t\t<\/div>\n\n\t\n\n\t<div id=\"col-1562880935\" class=\"col medium-3 small-6 large-3\"  >\n\t\t\t\t<div class=\"col-inner\"  >\n\t\t\t\n\t\t\t\n\t<div class=\"img has-hover x md-x lg-x y md-y lg-y\" id=\"image_2110727419\">\n\t\t<a class=\"\" href=\"https:\/\/g28vip.com\/link\/1\" target=\"_blank\" rel=\"noopener\" >\t\t\t\t\t\t<div class=\"img-inner dark\" >\n\t\t\t<img loading=\"lazy\" decoding=\"async\" width=\"437\" height=\"169\" src=\"https:\/\/g28vip.com\/wp-content\/uploads\/2025\/12\/gift2.gif\" class=\"attachment-original size-original\" alt=\"\" \/>\t\t\t\t\t\t\n\t\t\t\t\t<\/div>\n\t\t\t\t\t\t<\/a>\t\t\n<style>\n#image_2110727419 {\n  width: 100%;\n}\n@media (min-width:550px) {\n  #image_2110727419 {\n    width: 100%;\n  }\n}\n<\/style>\n\t<\/div>\n\t\n\t\t<\/div>\n\t\t\t\t\t<\/div>\n\n\t\n<\/div>\n<div class=\"row\"  id=\"row-1553826077\">\n\n\t<div id=\"col-1360611883\" class=\"col small-12 large-12\"  >\n\t\t\t\t<div class=\"col-inner\"  >\n\t\t\t\n\t\t\t\n\t<div id=\"text-3102205793\" class=\"text\">\n\t\t\n<h2><img loading=\"lazy\" decoding=\"async\" class=\"aligncenter wp-image-65 size-full\" src=\"http:\/\/g28vip.com\/wp-content\/uploads\/2025\/12\/g28-anh.png\" alt=\"G28 Com\" width=\"710\" height=\"320\" srcset=\"https:\/\/g28vip.com\/wp-content\/uploads\/2025\/12\/g28-anh.png 710w, https:\/\/g28vip.com\/wp-content\/uploads\/2025\/12\/g28-anh-300x135.png 300w\" sizes=\"auto, (max-width: 710px) 100vw, 710px\" \/><\/h2>\n<h2>G28 Link Truy C\u1eadp Ch\u00ednh Th\u1ee9c \u0110\u0103ng K\u00fd \u0110\u0103ng Nh\u1eadp T\u1ea3i APP Nh\u1eadn L\u00ec X\u00ec 288K M\u1ed7i Ng\u00e0y<\/h2>\n<blockquote><p>Nh\u00e0 c\u00e1i G28 \u0111ang d\u1ea7n kh\u1eb3ng \u0111\u1ecbnh v\u1ecb th\u1ebf v\u1eefng ch\u1eafc tr\u00ean th\u1ecb tr\u01b0\u1eddng c\u00e1 c\u01b0\u1ee3c tr\u1ef1c tuy\u1ebfn nh\u1edd chi\u1ebfn l\u01b0\u1ee3c ph\u00e1t tri\u1ec3n b\u00e0i b\u1ea3n v\u00e0 \u0111\u1ecbnh h\u01b0\u1edbng l\u1ea5y ng\u01b0\u1eddi ch\u01a1i l\u00e0m trung t\u00e2m. S\u1edf h\u1eefu kho game c\u00e1 c\u01b0\u1ee3c \u0111a d\u1ea1ng t\u1eeb th\u1ec3 thao, casino tr\u1ef1c tuy\u1ebfn \u0111\u1ebfn slot game h\u1ea5p d\u1eabn, G28 mang \u0111\u1ebfn m\u1ed9t kh\u00f4ng gian gi\u1ea3i tr\u00ed to\u00e0n di\u1ec7n, \u0111\u00e1p \u1ee9ng m\u1ecdi nhu c\u1ea7u c\u1ee7a ng\u01b0\u1eddi ch\u01a1i. B\u00ean c\u1ea1nh \u0111\u00f3, n\u1ec1n t\u1ea3ng n\u00e0y c\u00f2n \u0111\u01b0\u1ee3c \u0111\u00e1nh gi\u00e1 cao nh\u1edd giao di\u1ec7n hi\u1ec7n \u0111\u1ea1i, d\u1ec5 s\u1eed d\u1ee5ng, t\u1ed1c \u0111\u1ed9 truy c\u1eadp \u1ed5n \u0111\u1ecbnh c\u00f9ng h\u1ec7 th\u1ed1ng b\u1ea3o m\u1eadt an to\u00e0n tuy\u1ec7t \u0111\u1ed1i. V\u1edbi s\u1ef1 \u0111\u1ea7u t\u01b0 nghi\u00eam t\u00fac v\u1ec1 ch\u1ea5t l\u01b0\u1ee3ng d\u1ecbch v\u1ee5 v\u00e0 tr\u1ea3i nghi\u1ec7m ng\u01b0\u1eddi d\u00f9ng, nh\u00e0 c\u00e1i G28Vip x\u1ee9ng \u0111\u00e1ng l\u00e0 l\u1ef1a ch\u1ecdn h\u00e0ng \u0111\u1ea7u cho nh\u1eefng ai \u0111ang t\u00ecm ki\u1ebfm m\u1ed9t nh\u00e0 c\u00e1i uy t\u00edn v\u00e0 chuy\u00ean nghi\u1ec7p.<\/p><\/blockquote>\n\t\t\n<style>\n#text-3102205793 {\n  text-align: left;\n}\n<\/style>\n\t<\/div>\n\t\n\t\t<\/div>\n\t\t\t\t\t<\/div>\n\n\t\n<\/div>\n\t\t<\/div>\n\n\t\t\n<style>\n#section_1439310178 {\n  padding-top: 30px;\n  padding-bottom: 30px;\n}\n<\/style>\n\t<\/section>\n\t\n","protected":false},"excerpt":{"rendered":"","protected":false},"author":1,"featured_media":64,"parent":0,"menu_order":0,"comment_status":"closed","ping_status":"closed","template":"page-blank.php","meta":{"footnotes":""},"class_list":["post-23","page","type-page","status-publish","has-post-thumbnail","hentry"],"_links":{"self":[{"href":"https:\/\/g28vip.com\/index.php?rest_route=\/wp\/v2\/pages\/23","targetHints":{"allow":["GET"]}}],"collection":[{"href":"https:\/\/g28vip.com\/index.php?rest_route=\/wp\/v2\/pages"}],"about":[{"href":"https:\/\/g28vip.com\/index.php?rest_route=\/wp\/v2\/types\/page"}],"author":[{"embeddable":true,"href":"https:\/\/g28vip.com\/index.php?rest_route=\/wp\/v2\/users\/1"}],"replies":[{"embeddable":true,"href":"https:\/\/g28vip.com\/index.php?rest_route=%2Fwp%2Fv2%2Fcomments&post=23"}],"version-history":[{"count":13,"href":"https:\/\/g28vip.com\/index.php?rest_route=\/wp\/v2\/pages\/23\/revisions"}],"predecessor-version":[{"id":77,"href":"https:\/\/g28vip.com\/index.php?rest_route=\/wp\/v2\/pages\/23\/revisions\/77"}],"wp:featuredmedia":[{"embeddable":true,"href":"https:\/\/g28vip.com\/index.php?rest_route=\/wp\/v2\/media\/64"}],"wp:attachment":[{"href":"https:\/\/g28vip.com\/index.php?rest_route=%2Fwp%2Fv2%2Fmedia&parent=23"}],"curies":[{"name":"wp","href":"https:\/\/api.w.org\/{rel}","templated":true}]}}